{"id":759,"date":"2026-03-10T11:38:35","date_gmt":"2026-03-10T09:38:35","guid":{"rendered":"https:\/\/www.lombards.lv\/?page_id=759"},"modified":"2026-03-10T11:40:19","modified_gmt":"2026-03-10T09:40:19","slug":"rekviziti-ru","status":"publish","type":"page","link":"https:\/\/www.lombards.lv\/ru\/rekviziti-ru\/","title":{"rendered":"\u0420\u0435\u043a\u0432\u0438\u0437\u0438\u0442\u044b"},"content":{"rendered":"\n<p>Sabiedr\u012bba ar ierobe\u017eotu atbild\u012bbu \u201cAB SOFTWARE\u201d<\/p>\n\n\n\n<p>Re\u0123istr\u0101cijas numurs: 40103724253<\/p>\n\n\n\n<p>Juridisk\u0101 adrese: R\u012bga, Murj\u0101\u0146u iela 46-60, LV-1064<\/p>\n\n\n\n<p><\/p>\n","protected":false},"excerpt":{"rendered":"<p>Sabiedr\u012bba ar ierobe\u017eotu atbild\u012bbu \u201cAB SOFTWARE\u201d Re\u0123istr\u0101cijas numurs: 40103724253 Juridisk\u0101 adrese: R\u012bga, Murj\u0101\u0146u iela 46-60, LV-1064<\/p>\n","protected":false},"author":1,"featured_media":0,"parent":0,"menu_order":0,"comment_status":"closed","ping_status":"closed","template":"","meta":{"footnotes":""},"class_list":["post-759","page","type-page","status-publish","hentry"],"aioseo_notices":[],"_links":{"self":[{"href":"https:\/\/www.lombards.lv\/ru\/wp-json\/wp\/v2\/pages\/759","targetHints":{"allow":["GET"]}}],"collection":[{"href":"https:\/\/www.lombards.lv\/ru\/wp-json\/wp\/v2\/pages"}],"about":[{"href":"https:\/\/www.lombards.lv\/ru\/wp-json\/wp\/v2\/types\/page"}],"author":[{"embeddable":true,"href":"https:\/\/www.lombards.lv\/ru\/wp-json\/wp\/v2\/users\/1"}],"replies":[{"embeddable":true,"href":"https:\/\/www.lombards.lv\/ru\/wp-json\/wp\/v2\/comments?post=759"}],"version-history":[{"count":2,"href":"https:\/\/www.lombards.lv\/ru\/wp-json\/wp\/v2\/pages\/759\/revisions"}],"predecessor-version":[{"id":761,"href":"https:\/\/www.lombards.lv\/ru\/wp-json\/wp\/v2\/pages\/759\/revisions\/761"}],"wp:attachment":[{"href":"https:\/\/www.lombards.lv\/ru\/wp-json\/wp\/v2\/media?parent=759"}],"curies":[{"name":"wp","href":"https:\/\/api.w.org\/{rel}","templated":true}]}}